{"id":4115,"date":"2023-05-12T07:12:46","date_gmt":"2023-05-12T07:12:46","guid":{"rendered":"https:\/\/sotelanplus.com\/?page_id=4115"},"modified":"2023-05-15T07:14:03","modified_gmt":"2023-05-15T07:14:03","slug":"nuestro-tecnico","status":"publish","type":"page","link":"https:\/\/sotelanplus.com\/en\/nuestro-tecnico\/","title":{"rendered":"Conoce a Norberto"},"content":{"rendered":"<div class=\"wp-block-getwid-section alignfull alignfull getwid-section-content-custom-width\"><div class=\"wp-block-getwid-section__wrapper getwid-padding-left-medium getwid-padding-right-medium\"><div class=\"wp-block-getwid-section__inner-wrapper\" style=\"max-width:740px\"><div class=\"wp-block-getwid-section__background-holder\"><div class=\"wp-block-getwid-section__background has-background\" style=\"background-color:#f1f5f9\"><\/div><div class=\"wp-block-getwid-section__foreground\"><\/div><\/div><div class=\"wp-block-getwid-section__content\"><div class=\"wp-block-getwid-section__inner-content\">\n<div class=\"wp-block-getwid-advanced-heading\" style=\"margin-bottom:50px;margin-top:10px\"><h2 class=\"wp-block-getwid-advanced-heading__content\" style=\"text-align:center\">Norberto Dominguez<\/h2><\/div>\n\n\n<div class=\"wp-block-image is-style-rounded\">\n<figure class=\"alignleft size-large is-resized\"><img loading=\"lazy\" decoding=\"async\" src=\"https:\/\/sotelanplus.com\/wp-content\/uploads\/2023\/05\/WhatsApp-Image-2023-05-12-at-15.23.33-768x1024.jpeg\" alt=\"\" class=\"wp-image-4183\" width=\"136\" height=\"182\" srcset=\"https:\/\/sotelanplus.com\/wp-content\/uploads\/2023\/05\/WhatsApp-Image-2023-05-12-at-15.23.33-768x1024.jpeg 768w, https:\/\/sotelanplus.com\/wp-content\/uploads\/2023\/05\/WhatsApp-Image-2023-05-12-at-15.23.33-225x300.jpeg 225w, https:\/\/sotelanplus.com\/wp-content\/uploads\/2023\/05\/WhatsApp-Image-2023-05-12-at-15.23.33-1152x1536.jpeg 1152w, https:\/\/sotelanplus.com\/wp-content\/uploads\/2023\/05\/WhatsApp-Image-2023-05-12-at-15.23.33-9x12.jpeg 9w, https:\/\/sotelanplus.com\/wp-content\/uploads\/2023\/05\/WhatsApp-Image-2023-05-12-at-15.23.33.jpeg 1200w\" sizes=\"auto, (max-width: 136px) 100vw, 136px\" \/><\/figure>\n<\/div>\n\n\n<p class=\"has-text-align-left has-luminous-vivid-orange-color has-text-color\" style=\"font-size:17px\">Norberto es ingeniero tecnico industrial y tiene las siguientes especializaciones: <\/p>\n\n\n\n<p class=\"has-small-font-size\">&#8211;<strong>Elaboraci\u00f3n de proyectos<\/strong> y direcci\u00f3n facultativa.<\/p>\n\n\n\n<p class=\"has-small-font-size\">-Montaje y Mantenimiento de <strong>Instalaciones Solares Fotovoltaicas y E\u00f3licas.<\/strong><\/p>\n\n\n\n<p class=\"has-small-font-size\">-Master en <strong>PREVENCION DE RIESGO LABORAL<\/strong><\/p>\n\n\n\n<p class=\"has-small-font-size\">-Instalaciones de <strong>Protecci\u00f3n Contra Incendios.<\/strong><\/p>\n\n\n\n<p class=\"has-small-font-size\">&#8211; Instalaciones T\u00e9rmicas, <strong>Fr\u00edo, Calor y ACS<\/strong><\/p>\n\n\n\n<p class=\"has-small-font-size\">&#8211; <strong>Instalaciones El\u00e9ctricas <\/strong>en Baja Tensi\u00f3n (Categor\u00eda Especialista)<\/p>\n\n\n\n<p class=\"has-small-font-size\">-Coordinaci\u00f3n de seguridad y salud en obras de construcci\u00f3n.<\/p>\n\n\n\n<div style=\"height:58px\" aria-hidden=\"true\" class=\"wp-block-spacer\"><\/div>\n\n\n\n<hr class=\"wp-block-separator has-text-color has-luminous-vivid-orange-color has-alpha-channel-opacity has-luminous-vivid-orange-background-color has-background is-style-wide\"\/>\n\n\n\n<h3 class=\"wp-block-heading has-text-align-center\" style=\"font-size:22px\">Docente con amplia experiencia <\/h3>\n\n\n\n<p class=\"has-text-align-center has-luminous-vivid-orange-color has-text-color\" style=\"font-size:16px\">NORBERTO, ha impartido los cursos y los contenidos de los m\u00f3dulos formativos <strong>por un total de 3595<\/strong> horas, realizados por las Entidades:<\/p>\n\n\n\n<div class=\"wp-block-getwid-images-slider has-arrows-outside has-dots-outside has-images-center has-fitted-images\"><div class=\"wp-block-getwid-images-slider__wrapper\" data-effect=\"slide\" data-slides-show=\"1\" data-slides-show-laptop=\"1\" data-slides-show-tablet=\"1\" data-slides-show-mobile=\"1\" data-slides-scroll=\"1\" data-autoplay=\"false\" data-autoplay-speed=\"4000\" data-infinite=\"true\" data-animation-speed=\"800\" data-center-mode=\"false\" data-variable-width=\"false\" data-arrows=\"outside\" data-dots=\"outside\" data-spacing=\"none\"><div class=\"wp-block-getwid-images-slider__item\"><figure><img loading=\"lazy\" decoding=\"async\" width=\"1280\" height=\"1198\" src=\"https:\/\/sotelanplus.com\/wp-content\/uploads\/2023\/05\/Captura-de-Pantalla-2023-05-12-a-las-14.05.44.png\" alt=\"\" data-id=\"4162\" data-link=\"https:\/\/sotelanplus.com\/?attachment_id=4162\" data-original-link=\"https:\/\/sotelanplus.com\/wp-content\/uploads\/2023\/05\/Captura-de-Pantalla-2023-05-12-a-las-14.05.44.png\" class=\"wp-block-getwid-images-slider__image wp-image-4162\" srcset=\"https:\/\/sotelanplus.com\/wp-content\/uploads\/2023\/05\/Captura-de-Pantalla-2023-05-12-a-las-14.05.44.png 1280w, https:\/\/sotelanplus.com\/wp-content\/uploads\/2023\/05\/Captura-de-Pantalla-2023-05-12-a-las-14.05.44-300x281.png 300w, https:\/\/sotelanplus.com\/wp-content\/uploads\/2023\/05\/Captura-de-Pantalla-2023-05-12-a-las-14.05.44-1024x958.png 1024w, https:\/\/sotelanplus.com\/wp-content\/uploads\/2023\/05\/Captura-de-Pantalla-2023-05-12-a-las-14.05.44-768x719.png 768w, https:\/\/sotelanplus.com\/wp-content\/uploads\/2023\/05\/Captura-de-Pantalla-2023-05-12-a-las-14.05.44-13x12.png 13w\" sizes=\"auto, (max-width: 1280px) 100vw, 1280px\" \/><\/figure><\/div><div class=\"wp-block-getwid-images-slider__item\"><figure><img loading=\"lazy\" decoding=\"async\" width=\"1308\" height=\"1620\" src=\"https:\/\/sotelanplus.com\/wp-content\/uploads\/2023\/05\/Captura-de-Pantalla-2023-05-12-a-las-14.05.52.png\" alt=\"\" data-id=\"4161\" data-link=\"https:\/\/sotelanplus.com\/?attachment_id=4161\" data-original-link=\"https:\/\/sotelanplus.com\/wp-content\/uploads\/2023\/05\/Captura-de-Pantalla-2023-05-12-a-las-14.05.52.png\" class=\"wp-block-getwid-images-slider__image wp-image-4161\" srcset=\"https:\/\/sotelanplus.com\/wp-content\/uploads\/2023\/05\/Captura-de-Pantalla-2023-05-12-a-las-14.05.52.png 1308w, https:\/\/sotelanplus.com\/wp-content\/uploads\/2023\/05\/Captura-de-Pantalla-2023-05-12-a-las-14.05.52-242x300.png 242w, https:\/\/sotelanplus.com\/wp-content\/uploads\/2023\/05\/Captura-de-Pantalla-2023-05-12-a-las-14.05.52-827x1024.png 827w, https:\/\/sotelanplus.com\/wp-content\/uploads\/2023\/05\/Captura-de-Pantalla-2023-05-12-a-las-14.05.52-768x951.png 768w, https:\/\/sotelanplus.com\/wp-content\/uploads\/2023\/05\/Captura-de-Pantalla-2023-05-12-a-las-14.05.52-1240x1536.png 1240w, https:\/\/sotelanplus.com\/wp-content\/uploads\/2023\/05\/Captura-de-Pantalla-2023-05-12-a-las-14.05.52-10x12.png 10w\" sizes=\"auto, (max-width: 1308px) 100vw, 1308px\" \/><\/figure><\/div><div class=\"wp-block-getwid-images-slider__item\"><figure><img decoding=\"async\" src=\"https:\/\/sotelanplus.com\/wp-content\/uploads\/2023\/05\/Captura-de-Pantalla-2023-05-12-a-las-14.05.59.png\" alt=\"\" data-id=\"4160\" data-link=\"https:\/\/sotelanplus.com\/?attachment_id=4160\" data-original-link=\"https:\/\/sotelanplus.com\/wp-content\/uploads\/2023\/05\/Captura-de-Pantalla-2023-05-12-a-las-14.05.59.png\" class=\"wp-block-getwid-images-slider__image wp-image-4160\"\/><\/figure><\/div><div class=\"wp-block-getwid-images-slider__item\"><figure><img loading=\"lazy\" decoding=\"async\" width=\"1322\" height=\"1628\" src=\"https:\/\/sotelanplus.com\/wp-content\/uploads\/2023\/05\/Captura-de-Pantalla-2023-05-12-a-las-14.06.05.png\" alt=\"\" data-id=\"4159\" data-link=\"https:\/\/sotelanplus.com\/?attachment_id=4159\" data-original-link=\"https:\/\/sotelanplus.com\/wp-content\/uploads\/2023\/05\/Captura-de-Pantalla-2023-05-12-a-las-14.06.05.png\" class=\"wp-block-getwid-images-slider__image wp-image-4159\" srcset=\"https:\/\/sotelanplus.com\/wp-content\/uploads\/2023\/05\/Captura-de-Pantalla-2023-05-12-a-las-14.06.05.png 1322w, https:\/\/sotelanplus.com\/wp-content\/uploads\/2023\/05\/Captura-de-Pantalla-2023-05-12-a-las-14.06.05-244x300.png 244w, https:\/\/sotelanplus.com\/wp-content\/uploads\/2023\/05\/Captura-de-Pantalla-2023-05-12-a-las-14.06.05-832x1024.png 832w, https:\/\/sotelanplus.com\/wp-content\/uploads\/2023\/05\/Captura-de-Pantalla-2023-05-12-a-las-14.06.05-768x946.png 768w, https:\/\/sotelanplus.com\/wp-content\/uploads\/2023\/05\/Captura-de-Pantalla-2023-05-12-a-las-14.06.05-1247x1536.png 1247w, https:\/\/sotelanplus.com\/wp-content\/uploads\/2023\/05\/Captura-de-Pantalla-2023-05-12-a-las-14.06.05-10x12.png 10w\" sizes=\"auto, (max-width: 1322px) 100vw, 1322px\" \/><\/figure><\/div><div class=\"wp-block-getwid-images-slider__item\"><figure><img loading=\"lazy\" decoding=\"async\" width=\"1310\" height=\"1658\" src=\"https:\/\/sotelanplus.com\/wp-content\/uploads\/2023\/05\/Captura-de-Pantalla-2023-05-12-a-las-14.06.12.png\" alt=\"\" data-id=\"4158\" data-link=\"https:\/\/sotelanplus.com\/?attachment_id=4158\" data-original-link=\"https:\/\/sotelanplus.com\/wp-content\/uploads\/2023\/05\/Captura-de-Pantalla-2023-05-12-a-las-14.06.12.png\" class=\"wp-block-getwid-images-slider__image wp-image-4158\" srcset=\"https:\/\/sotelanplus.com\/wp-content\/uploads\/2023\/05\/Captura-de-Pantalla-2023-05-12-a-las-14.06.12.png 1310w, https:\/\/sotelanplus.com\/wp-content\/uploads\/2023\/05\/Captura-de-Pantalla-2023-05-12-a-las-14.06.12-237x300.png 237w, https:\/\/sotelanplus.com\/wp-content\/uploads\/2023\/05\/Captura-de-Pantalla-2023-05-12-a-las-14.06.12-809x1024.png 809w, https:\/\/sotelanplus.com\/wp-content\/uploads\/2023\/05\/Captura-de-Pantalla-2023-05-12-a-las-14.06.12-768x972.png 768w, https:\/\/sotelanplus.com\/wp-content\/uploads\/2023\/05\/Captura-de-Pantalla-2023-05-12-a-las-14.06.12-1214x1536.png 1214w, https:\/\/sotelanplus.com\/wp-content\/uploads\/2023\/05\/Captura-de-Pantalla-2023-05-12-a-las-14.06.12-9x12.png 9w\" sizes=\"auto, (max-width: 1310px) 100vw, 1310px\" \/><\/figure><\/div><div class=\"wp-block-getwid-images-slider__item\"><figure><img decoding=\"async\" src=\"https:\/\/sotelanplus.com\/wp-content\/uploads\/2023\/05\/Captura-de-Pantalla-2023-05-12-a-las-14.06.18.png\" alt=\"\" data-id=\"4157\" data-link=\"https:\/\/sotelanplus.com\/?attachment_id=4157\" data-original-link=\"https:\/\/sotelanplus.com\/wp-content\/uploads\/2023\/05\/Captura-de-Pantalla-2023-05-12-a-las-14.06.18.png\" class=\"wp-block-getwid-images-slider__image wp-image-4157\"\/><\/figure><\/div><div class=\"wp-block-getwid-images-slider__item\"><figure><img decoding=\"async\" src=\"https:\/\/sotelanplus.com\/wp-content\/uploads\/2023\/05\/Captura-de-Pantalla-2023-05-12-a-las-14.06.30.png\" alt=\"\" data-id=\"4156\" data-link=\"https:\/\/sotelanplus.com\/?attachment_id=4156\" data-original-link=\"https:\/\/sotelanplus.com\/wp-content\/uploads\/2023\/05\/Captura-de-Pantalla-2023-05-12-a-las-14.06.30.png\" class=\"wp-block-getwid-images-slider__image wp-image-4156\"\/><\/figure><\/div><\/div><\/div>\n\n\n\n<div class=\"wp-block-getwid-advanced-spacer\" style=\"height:20px\" aria-hidden=\"true\"><\/div>\n<\/div><\/div><\/div><\/div><\/div>","protected":false},"excerpt":{"rendered":"","protected":false},"author":1,"featured_media":0,"parent":0,"menu_order":0,"comment_status":"closed","ping_status":"closed","template":"","meta":{"footnotes":""},"class_list":["post-4115","page","type-page","status-publish","hentry"],"yoast_head":"<!-- This site is optimized with the Yoast SEO plugin v27.3 - https:\/\/yoast.com\/product\/yoast-seo-wordpress\/ -->\n<title>Nuestro t\u00e9cnico en energias renovables<\/title>\n<meta name=\"description\" content=\"Norberto Dominguez es Nuestro t\u00e9cnico en energ\u00edas renovables que colabora con nuestra empresa como ingeniero de forma externa\" \/>\n<meta name=\"robots\" content=\"index, follow, max-snippet:-1, max-image-preview:large, max-video-preview:-1\" \/>\n<link rel=\"canonical\" href=\"https:\/\/sotelanplus.com\/en\/nuestro-tecnico\/\" \/>\n<meta property=\"og:locale\" content=\"en_GB\" \/>\n<meta property=\"og:type\" content=\"article\" \/>\n<meta property=\"og:title\" content=\"Nuestro t\u00e9cnico en energias renovables\" \/>\n<meta property=\"og:description\" content=\"Norberto Dominguez es Nuestro t\u00e9cnico en energ\u00edas renovables que colabora con nuestra empresa como ingeniero de forma externa\" \/>\n<meta property=\"og:url\" content=\"https:\/\/sotelanplus.com\/en\/nuestro-tecnico\/\" \/>\n<meta property=\"og:site_name\" content=\"SOTELAN PLUS SL\" \/>\n<meta property=\"article:modified_time\" content=\"2023-05-15T07:14:03+00:00\" \/>\n<meta property=\"og:image\" content=\"https:\/\/sotelanplus.com\/wp-content\/uploads\/2023\/05\/WhatsApp-Image-2023-05-12-at-15.23.33-768x1024.jpeg\" \/>\n<meta name=\"twitter:card\" content=\"summary_large_image\" \/>\n<meta name=\"twitter:label1\" content=\"Estimated reading time\" \/>\n\t<meta name=\"twitter:data1\" content=\"2 minutes\" \/>\n<script type=\"application\/ld+json\" class=\"yoast-schema-graph\">{\"@context\":\"https:\\\/\\\/schema.org\",\"@graph\":[{\"@type\":\"WebPage\",\"@id\":\"https:\\\/\\\/sotelanplus.com\\\/nuestro-tecnico\\\/\",\"url\":\"https:\\\/\\\/sotelanplus.com\\\/nuestro-tecnico\\\/\",\"name\":\"Nuestro t\u00e9cnico en energias renovables\",\"isPartOf\":{\"@id\":\"https:\\\/\\\/sotelanplus.com\\\/#website\"},\"primaryImageOfPage\":{\"@id\":\"https:\\\/\\\/sotelanplus.com\\\/nuestro-tecnico\\\/#primaryimage\"},\"image\":{\"@id\":\"https:\\\/\\\/sotelanplus.com\\\/nuestro-tecnico\\\/#primaryimage\"},\"thumbnailUrl\":\"https:\\\/\\\/sotelanplus.com\\\/wp-content\\\/uploads\\\/2023\\\/05\\\/WhatsApp-Image-2023-05-12-at-15.23.33-768x1024.jpeg\",\"datePublished\":\"2023-05-12T07:12:46+00:00\",\"dateModified\":\"2023-05-15T07:14:03+00:00\",\"description\":\"Norberto Dominguez es Nuestro t\u00e9cnico en energ\u00edas renovables que colabora con nuestra empresa como ingeniero de forma externa\",\"breadcrumb\":{\"@id\":\"https:\\\/\\\/sotelanplus.com\\\/nuestro-tecnico\\\/#breadcrumb\"},\"inLanguage\":\"en-GB\",\"potentialAction\":[{\"@type\":\"ReadAction\",\"target\":[\"https:\\\/\\\/sotelanplus.com\\\/nuestro-tecnico\\\/\"]}]},{\"@type\":\"ImageObject\",\"inLanguage\":\"en-GB\",\"@id\":\"https:\\\/\\\/sotelanplus.com\\\/nuestro-tecnico\\\/#primaryimage\",\"url\":\"https:\\\/\\\/sotelanplus.com\\\/wp-content\\\/uploads\\\/2023\\\/05\\\/WhatsApp-Image-2023-05-12-at-15.23.33-768x1024.jpeg\",\"contentUrl\":\"https:\\\/\\\/sotelanplus.com\\\/wp-content\\\/uploads\\\/2023\\\/05\\\/WhatsApp-Image-2023-05-12-at-15.23.33-768x1024.jpeg\"},{\"@type\":\"BreadcrumbList\",\"@id\":\"https:\\\/\\\/sotelanplus.com\\\/nuestro-tecnico\\\/#breadcrumb\",\"itemListElement\":[{\"@type\":\"ListItem\",\"position\":1,\"name\":\"Home\",\"item\":\"https:\\\/\\\/sotelanplus.com\\\/\"},{\"@type\":\"ListItem\",\"position\":2,\"name\":\"Conoce a Norberto\"}]},{\"@type\":\"WebSite\",\"@id\":\"https:\\\/\\\/sotelanplus.com\\\/#website\",\"url\":\"https:\\\/\\\/sotelanplus.com\\\/\",\"name\":\"SOTELAN PLUS SL\",\"description\":\"Nuestra empresa realiza instalaciones el\u00e9ctricas en Lanzarote\",\"publisher\":{\"@id\":\"https:\\\/\\\/sotelanplus.com\\\/#organization\"},\"potentialAction\":[{\"@type\":\"SearchAction\",\"target\":{\"@type\":\"EntryPoint\",\"urlTemplate\":\"https:\\\/\\\/sotelanplus.com\\\/?s={search_term_string}\"},\"query-input\":{\"@type\":\"PropertyValueSpecification\",\"valueRequired\":true,\"valueName\":\"search_term_string\"}}],\"inLanguage\":\"en-GB\"},{\"@type\":\"Organization\",\"@id\":\"https:\\\/\\\/sotelanplus.com\\\/#organization\",\"name\":\"SOTELAN PLUS SL\",\"url\":\"https:\\\/\\\/sotelanplus.com\\\/\",\"logo\":{\"@type\":\"ImageObject\",\"inLanguage\":\"en-GB\",\"@id\":\"https:\\\/\\\/sotelanplus.com\\\/#\\\/schema\\\/logo\\\/image\\\/\",\"url\":\"http:\\\/\\\/sotelanplus.com\\\/wp-content\\\/uploads\\\/2020\\\/11\\\/Copia-de-Blanco-Colorido-Circulo-Abstracto-Logotipo.png\",\"contentUrl\":\"http:\\\/\\\/sotelanplus.com\\\/wp-content\\\/uploads\\\/2020\\\/11\\\/Copia-de-Blanco-Colorido-Circulo-Abstracto-Logotipo.png\",\"width\":95,\"height\":95,\"caption\":\"SOTELAN PLUS SL\"},\"image\":{\"@id\":\"https:\\\/\\\/sotelanplus.com\\\/#\\\/schema\\\/logo\\\/image\\\/\"},\"sameAs\":[\"https:\\\/\\\/www.youtube.com\\\/channel\\\/UCFSVxOj1oraPGJIiIasMtYQ?view_as=subscriber\"]}]}<\/script>\n<!-- \/ Yoast SEO plugin. -->","yoast_head_json":{"title":"Nuestro t\u00e9cnico en energias renovables","description":"Norberto Dominguez es Nuestro t\u00e9cnico en energ\u00edas renovables que colabora con nuestra empresa como ingeniero de forma externa","robots":{"index":"index","follow":"follow","max-snippet":"max-snippet:-1","max-image-preview":"max-image-preview:large","max-video-preview":"max-video-preview:-1"},"canonical":"https:\/\/sotelanplus.com\/en\/nuestro-tecnico\/","og_locale":"en_GB","og_type":"article","og_title":"Nuestro t\u00e9cnico en energias renovables","og_description":"Norberto Dominguez es Nuestro t\u00e9cnico en energ\u00edas renovables que colabora con nuestra empresa como ingeniero de forma externa","og_url":"https:\/\/sotelanplus.com\/en\/nuestro-tecnico\/","og_site_name":"SOTELAN PLUS SL","article_modified_time":"2023-05-15T07:14:03+00:00","og_image":[{"url":"https:\/\/sotelanplus.com\/wp-content\/uploads\/2023\/05\/WhatsApp-Image-2023-05-12-at-15.23.33-768x1024.jpeg","type":"","width":"","height":""}],"twitter_card":"summary_large_image","twitter_misc":{"Estimated reading time":"2 minutes"},"schema":{"@context":"https:\/\/schema.org","@graph":[{"@type":"WebPage","@id":"https:\/\/sotelanplus.com\/nuestro-tecnico\/","url":"https:\/\/sotelanplus.com\/nuestro-tecnico\/","name":"Nuestro t\u00e9cnico en energias renovables","isPartOf":{"@id":"https:\/\/sotelanplus.com\/#website"},"primaryImageOfPage":{"@id":"https:\/\/sotelanplus.com\/nuestro-tecnico\/#primaryimage"},"image":{"@id":"https:\/\/sotelanplus.com\/nuestro-tecnico\/#primaryimage"},"thumbnailUrl":"https:\/\/sotelanplus.com\/wp-content\/uploads\/2023\/05\/WhatsApp-Image-2023-05-12-at-15.23.33-768x1024.jpeg","datePublished":"2023-05-12T07:12:46+00:00","dateModified":"2023-05-15T07:14:03+00:00","description":"Norberto Dominguez es Nuestro t\u00e9cnico en energ\u00edas renovables que colabora con nuestra empresa como ingeniero de forma externa","breadcrumb":{"@id":"https:\/\/sotelanplus.com\/nuestro-tecnico\/#breadcrumb"},"inLanguage":"en-GB","potentialAction":[{"@type":"ReadAction","target":["https:\/\/sotelanplus.com\/nuestro-tecnico\/"]}]},{"@type":"ImageObject","inLanguage":"en-GB","@id":"https:\/\/sotelanplus.com\/nuestro-tecnico\/#primaryimage","url":"https:\/\/sotelanplus.com\/wp-content\/uploads\/2023\/05\/WhatsApp-Image-2023-05-12-at-15.23.33-768x1024.jpeg","contentUrl":"https:\/\/sotelanplus.com\/wp-content\/uploads\/2023\/05\/WhatsApp-Image-2023-05-12-at-15.23.33-768x1024.jpeg"},{"@type":"BreadcrumbList","@id":"https:\/\/sotelanplus.com\/nuestro-tecnico\/#breadcrumb","itemListElement":[{"@type":"ListItem","position":1,"name":"Home","item":"https:\/\/sotelanplus.com\/"},{"@type":"ListItem","position":2,"name":"Conoce a Norberto"}]},{"@type":"WebSite","@id":"https:\/\/sotelanplus.com\/#website","url":"https:\/\/sotelanplus.com\/","name":"SOTELAN PLUS SL","description":"Nuestra empresa realiza instalaciones el\u00e9ctricas en Lanzarote","publisher":{"@id":"https:\/\/sotelanplus.com\/#organization"},"potentialAction":[{"@type":"SearchAction","target":{"@type":"EntryPoint","urlTemplate":"https:\/\/sotelanplus.com\/?s={search_term_string}"},"query-input":{"@type":"PropertyValueSpecification","valueRequired":true,"valueName":"search_term_string"}}],"inLanguage":"en-GB"},{"@type":"Organization","@id":"https:\/\/sotelanplus.com\/#organization","name":"SOTELAN PLUS SL","url":"https:\/\/sotelanplus.com\/","logo":{"@type":"ImageObject","inLanguage":"en-GB","@id":"https:\/\/sotelanplus.com\/#\/schema\/logo\/image\/","url":"http:\/\/sotelanplus.com\/wp-content\/uploads\/2020\/11\/Copia-de-Blanco-Colorido-Circulo-Abstracto-Logotipo.png","contentUrl":"http:\/\/sotelanplus.com\/wp-content\/uploads\/2020\/11\/Copia-de-Blanco-Colorido-Circulo-Abstracto-Logotipo.png","width":95,"height":95,"caption":"SOTELAN PLUS SL"},"image":{"@id":"https:\/\/sotelanplus.com\/#\/schema\/logo\/image\/"},"sameAs":["https:\/\/www.youtube.com\/channel\/UCFSVxOj1oraPGJIiIasMtYQ?view_as=subscriber"]}]}},"_links":{"self":[{"href":"https:\/\/sotelanplus.com\/en\/wp-json\/wp\/v2\/pages\/4115","targetHints":{"allow":["GET"]}}],"collection":[{"href":"https:\/\/sotelanplus.com\/en\/wp-json\/wp\/v2\/pages"}],"about":[{"href":"https:\/\/sotelanplus.com\/en\/wp-json\/wp\/v2\/types\/page"}],"author":[{"embeddable":true,"href":"https:\/\/sotelanplus.com\/en\/wp-json\/wp\/v2\/users\/1"}],"replies":[{"embeddable":true,"href":"https:\/\/sotelanplus.com\/en\/wp-json\/wp\/v2\/comments?post=4115"}],"version-history":[{"count":23,"href":"https:\/\/sotelanplus.com\/en\/wp-json\/wp\/v2\/pages\/4115\/revisions"}],"predecessor-version":[{"id":4189,"href":"https:\/\/sotelanplus.com\/en\/wp-json\/wp\/v2\/pages\/4115\/revisions\/4189"}],"wp:attachment":[{"href":"https:\/\/sotelanplus.com\/en\/wp-json\/wp\/v2\/media?parent=4115"}],"curies":[{"name":"wp","href":"https:\/\/api.w.org\/{rel}","templated":true}]}}