{"id":2950,"date":"2022-04-19T01:48:30","date_gmt":"2022-04-19T01:48:30","guid":{"rendered":"http:\/\/sotelanplus.com\/personalizar-cookies\/"},"modified":"2022-04-19T01:48:30","modified_gmt":"2022-04-19T01:48:30","slug":"personalizar-cookies","status":"publish","type":"page","link":"https:\/\/sotelanplus.com\/en\/personalizar-cookies\/","title":{"rendered":"Personalizar Cookies"},"content":{"rendered":"<div>\n      <div id=\"custom-cookies-eu-label\">\n\n        <b>Aviso de cookies<\/b>\r\n\r\nWe use our own and third-party cookies for the proper functioning of the website and to improve our services. Click the following button to accept their use. You can change the settings or get more information on our <a href=\"mailto:prueba@prueba.com\">Pol\u00edtica de cookies<\/a> o pulsando Modificar configuraci\u00f3n.\n          &nbsp;&nbsp;\n          <a target=\"_blank\" id=\"cookies-eu-more\" rel=\"nofollow\" href=\"https:\/\/sotelanplus.com\/en\/politica-de-cookies\/\">Configurar y m\u00e1s informaci\u00f3n<\/a>\n      <\/div>\n\n      <div id=\"custom-cookies-eu-buttons\" class=\"cookies-eu-buttons\">\n        <button id=\"custom-cookies-eu-reject\" class=\"cookies-eu-reject\">Rechazar<\/button>\n        <button id=\"custom-cookies-eu-accept\" class=\"cookies-eu-accept\">ACEPTAR TODAS LAS COOKIES<\/button><\/div>\n      <\/div>\n\n<br\/>\n<p>\n\tPuedes cambiar tus preferencias de cookies en cualquier momento si vuelves a la p\u00e1gina de Personalizar cookies, a la que puedes acceder a trav\u00e9s del Aviso de cookies. Para obtener m\u00e1s informaci\u00f3n sobre las cookies y c\u00f3mo las usamos, consulta la p\u00e1gina de <a href=\"https:\/\/sotelanplus.com\/en\/politica-de-cookies\/\">Pol\u00edtica de Cookies<\/a>.\n<\/p>\n\n<h3>Cookies t\u00e9cnicas<\/h3>\n<p>\n\tSon aquellas que permiten a los usuarios registrados navegar a trav\u00e9s del sitio Web, del \u00e1rea restringida y a utilizar sus diferentes funciones, como por ejemplo, el sistema de comentarios o el buscador y no pueden ser desactivadas.\n<\/p>\n\n\n<div class=\"custom-cookies-option\">\n  <h3>Cookies sociales<\/h3>\n  <span>\n    <input type=\"radio\" name=\"cookies-social-option\" value=\"true\" class=\"custom-cookies-radio\" data-consent=\"SCLS\" id=\"custom-cookies-accept-social\" \n    >\n    <label for=\"custom-cookies-accept-social\">Activar<\/label>\n    &nbsp;&nbsp;\n    <input type=\"radio\" name=\"cookies-social-option\" value=\"false\" class=\"custom-cookies-radio\" data-consent=\"SCLS\" id=\"custom-cookies-reject-social\" \n    checked>\n    <label for=\"custom-cookies-reject-social\">Desactivar<\/label>\n<\/span>\n<\/div>\n\n<p>\n  Son establecidas por las plataformas de redes sociales para permitir a los usuarios compartir contenido con sus amigos y redes.  \n<\/p>","protected":false},"excerpt":{"rendered":"<p>Aviso de cookies Utilizamos cookies propias y de terceros para el correcto funcionamiento del sitio web y mejorar nuestros servicios.Pulse el siguiente bot\u00f3n para aceptar su uso. Puede cambiar la configuraci\u00f3n u obtener m\u00e1s informaci\u00f3n en nuestra Pol\u00edtica de cookies o pulsando Modificar configuraci\u00f3n. &nbsp;&nbsp; Configurar y m\u00e1s informaci\u00f3n Rechazar ACEPTAR TODAS LAS COOKIES Puedes [&hellip;]<\/p>\n","protected":false},"author":1,"featured_media":0,"parent":0,"menu_order":0,"comment_status":"closed","ping_status":"closed","template":"","meta":{"footnotes":""},"class_list":["post-2950","page","type-page","status-publish","hentry"],"yoast_head":"<!-- This site is optimized with the Yoast SEO plugin v27.3 - https:\/\/yoast.com\/product\/yoast-seo-wordpress\/ -->\n<title>Personalizar Cookies | SOTELAN PLUS SL<\/title>\n<meta name=\"robots\" content=\"index, follow, max-snippet:-1, max-image-preview:large, max-video-preview:-1\" \/>\n<link rel=\"canonical\" href=\"https:\/\/sotelanplus.com\/en\/personalizar-cookies\/\" \/>\n<meta property=\"og:locale\" content=\"en_GB\" \/>\n<meta property=\"og:type\" content=\"article\" \/>\n<meta property=\"og:title\" content=\"Personalizar Cookies | SOTELAN PLUS SL\" \/>\n<meta property=\"og:description\" content=\"Aviso de cookies Utilizamos cookies propias y de terceros para el correcto funcionamiento del sitio web y mejorar nuestros servicios.Pulse el siguiente bot\u00f3n para aceptar su uso. Puede cambiar la configuraci\u00f3n u obtener m\u00e1s informaci\u00f3n en nuestra Pol\u00edtica de cookies o pulsando Modificar configuraci\u00f3n. &nbsp;&nbsp; Configurar y m\u00e1s informaci\u00f3n Rechazar ACEPTAR TODAS LAS COOKIES Puedes [&hellip;]\" \/>\n<meta property=\"og:url\" content=\"https:\/\/sotelanplus.com\/en\/personalizar-cookies\/\" \/>\n<meta property=\"og:site_name\" content=\"SOTELAN PLUS SL\" \/>\n<meta name=\"twitter:card\" content=\"summary_large_image\" \/>\n<script type=\"application\/ld+json\" class=\"yoast-schema-graph\">{\"@context\":\"https:\\\/\\\/schema.org\",\"@graph\":[{\"@type\":\"WebPage\",\"@id\":\"https:\\\/\\\/sotelanplus.com\\\/personalizar-cookies\\\/\",\"url\":\"https:\\\/\\\/sotelanplus.com\\\/personalizar-cookies\\\/\",\"name\":\"Personalizar Cookies | SOTELAN PLUS SL\",\"isPartOf\":{\"@id\":\"https:\\\/\\\/sotelanplus.com\\\/#website\"},\"datePublished\":\"2022-04-19T01:48:30+00:00\",\"breadcrumb\":{\"@id\":\"https:\\\/\\\/sotelanplus.com\\\/personalizar-cookies\\\/#breadcrumb\"},\"inLanguage\":\"en-GB\",\"potentialAction\":[{\"@type\":\"ReadAction\",\"target\":[\"https:\\\/\\\/sotelanplus.com\\\/personalizar-cookies\\\/\"]}]},{\"@type\":\"BreadcrumbList\",\"@id\":\"https:\\\/\\\/sotelanplus.com\\\/personalizar-cookies\\\/#breadcrumb\",\"itemListElement\":[{\"@type\":\"ListItem\",\"position\":1,\"name\":\"Home\",\"item\":\"https:\\\/\\\/sotelanplus.com\\\/\"},{\"@type\":\"ListItem\",\"position\":2,\"name\":\"Personalizar Cookies\"}]},{\"@type\":\"WebSite\",\"@id\":\"https:\\\/\\\/sotelanplus.com\\\/#website\",\"url\":\"https:\\\/\\\/sotelanplus.com\\\/\",\"name\":\"SOTELAN PLUS SL\",\"description\":\"Nuestra empresa realiza instalaciones el\u00e9ctricas en Lanzarote\",\"publisher\":{\"@id\":\"https:\\\/\\\/sotelanplus.com\\\/#organization\"},\"potentialAction\":[{\"@type\":\"SearchAction\",\"target\":{\"@type\":\"EntryPoint\",\"urlTemplate\":\"https:\\\/\\\/sotelanplus.com\\\/?s={search_term_string}\"},\"query-input\":{\"@type\":\"PropertyValueSpecification\",\"valueRequired\":true,\"valueName\":\"search_term_string\"}}],\"inLanguage\":\"en-GB\"},{\"@type\":\"Organization\",\"@id\":\"https:\\\/\\\/sotelanplus.com\\\/#organization\",\"name\":\"SOTELAN PLUS SL\",\"url\":\"https:\\\/\\\/sotelanplus.com\\\/\",\"logo\":{\"@type\":\"ImageObject\",\"inLanguage\":\"en-GB\",\"@id\":\"https:\\\/\\\/sotelanplus.com\\\/#\\\/schema\\\/logo\\\/image\\\/\",\"url\":\"http:\\\/\\\/sotelanplus.com\\\/wp-content\\\/uploads\\\/2020\\\/11\\\/Copia-de-Blanco-Colorido-Circulo-Abstracto-Logotipo.png\",\"contentUrl\":\"http:\\\/\\\/sotelanplus.com\\\/wp-content\\\/uploads\\\/2020\\\/11\\\/Copia-de-Blanco-Colorido-Circulo-Abstracto-Logotipo.png\",\"width\":95,\"height\":95,\"caption\":\"SOTELAN PLUS SL\"},\"image\":{\"@id\":\"https:\\\/\\\/sotelanplus.com\\\/#\\\/schema\\\/logo\\\/image\\\/\"},\"sameAs\":[\"https:\\\/\\\/www.youtube.com\\\/channel\\\/UCFSVxOj1oraPGJIiIasMtYQ?view_as=subscriber\"]}]}<\/script>\n<!-- \/ Yoast SEO plugin. -->","yoast_head_json":{"title":"Personalizar Cookies | SOTELAN PLUS SL","robots":{"index":"index","follow":"follow","max-snippet":"max-snippet:-1","max-image-preview":"max-image-preview:large","max-video-preview":"max-video-preview:-1"},"canonical":"https:\/\/sotelanplus.com\/en\/personalizar-cookies\/","og_locale":"en_GB","og_type":"article","og_title":"Personalizar Cookies | SOTELAN PLUS SL","og_description":"Aviso de cookies Utilizamos cookies propias y de terceros para el correcto funcionamiento del sitio web y mejorar nuestros servicios.Pulse el siguiente bot\u00f3n para aceptar su uso. Puede cambiar la configuraci\u00f3n u obtener m\u00e1s informaci\u00f3n en nuestra Pol\u00edtica de cookies o pulsando Modificar configuraci\u00f3n. &nbsp;&nbsp; Configurar y m\u00e1s informaci\u00f3n Rechazar ACEPTAR TODAS LAS COOKIES Puedes [&hellip;]","og_url":"https:\/\/sotelanplus.com\/en\/personalizar-cookies\/","og_site_name":"SOTELAN PLUS SL","twitter_card":"summary_large_image","schema":{"@context":"https:\/\/schema.org","@graph":[{"@type":"WebPage","@id":"https:\/\/sotelanplus.com\/personalizar-cookies\/","url":"https:\/\/sotelanplus.com\/personalizar-cookies\/","name":"Personalizar Cookies | SOTELAN PLUS SL","isPartOf":{"@id":"https:\/\/sotelanplus.com\/#website"},"datePublished":"2022-04-19T01:48:30+00:00","breadcrumb":{"@id":"https:\/\/sotelanplus.com\/personalizar-cookies\/#breadcrumb"},"inLanguage":"en-GB","potentialAction":[{"@type":"ReadAction","target":["https:\/\/sotelanplus.com\/personalizar-cookies\/"]}]},{"@type":"BreadcrumbList","@id":"https:\/\/sotelanplus.com\/personalizar-cookies\/#breadcrumb","itemListElement":[{"@type":"ListItem","position":1,"name":"Home","item":"https:\/\/sotelanplus.com\/"},{"@type":"ListItem","position":2,"name":"Personalizar Cookies"}]},{"@type":"WebSite","@id":"https:\/\/sotelanplus.com\/#website","url":"https:\/\/sotelanplus.com\/","name":"SOTELAN PLUS SL","description":"Nuestra empresa realiza instalaciones el\u00e9ctricas en Lanzarote","publisher":{"@id":"https:\/\/sotelanplus.com\/#organization"},"potentialAction":[{"@type":"SearchAction","target":{"@type":"EntryPoint","urlTemplate":"https:\/\/sotelanplus.com\/?s={search_term_string}"},"query-input":{"@type":"PropertyValueSpecification","valueRequired":true,"valueName":"search_term_string"}}],"inLanguage":"en-GB"},{"@type":"Organization","@id":"https:\/\/sotelanplus.com\/#organization","name":"SOTELAN PLUS SL","url":"https:\/\/sotelanplus.com\/","logo":{"@type":"ImageObject","inLanguage":"en-GB","@id":"https:\/\/sotelanplus.com\/#\/schema\/logo\/image\/","url":"http:\/\/sotelanplus.com\/wp-content\/uploads\/2020\/11\/Copia-de-Blanco-Colorido-Circulo-Abstracto-Logotipo.png","contentUrl":"http:\/\/sotelanplus.com\/wp-content\/uploads\/2020\/11\/Copia-de-Blanco-Colorido-Circulo-Abstracto-Logotipo.png","width":95,"height":95,"caption":"SOTELAN PLUS SL"},"image":{"@id":"https:\/\/sotelanplus.com\/#\/schema\/logo\/image\/"},"sameAs":["https:\/\/www.youtube.com\/channel\/UCFSVxOj1oraPGJIiIasMtYQ?view_as=subscriber"]}]}},"_links":{"self":[{"href":"https:\/\/sotelanplus.com\/en\/wp-json\/wp\/v2\/pages\/2950","targetHints":{"allow":["GET"]}}],"collection":[{"href":"https:\/\/sotelanplus.com\/en\/wp-json\/wp\/v2\/pages"}],"about":[{"href":"https:\/\/sotelanplus.com\/en\/wp-json\/wp\/v2\/types\/page"}],"author":[{"embeddable":true,"href":"https:\/\/sotelanplus.com\/en\/wp-json\/wp\/v2\/users\/1"}],"replies":[{"embeddable":true,"href":"https:\/\/sotelanplus.com\/en\/wp-json\/wp\/v2\/comments?post=2950"}],"version-history":[{"count":0,"href":"https:\/\/sotelanplus.com\/en\/wp-json\/wp\/v2\/pages\/2950\/revisions"}],"wp:attachment":[{"href":"https:\/\/sotelanplus.com\/en\/wp-json\/wp\/v2\/media?parent=2950"}],"curies":[{"name":"wp","href":"https:\/\/api.w.org\/{rel}","templated":true}]}}